{"id":3391,"date":"2023-03-25T15:55:40","date_gmt":"2023-03-25T15:55:40","guid":{"rendered":"https:\/\/derby.uwebdev.ch\/condiciones-generales\/"},"modified":"2023-11-30T14:43:50","modified_gmt":"2023-11-30T14:43:50","slug":"condiciones-generales","status":"publish","type":"page","link":"https:\/\/hotel-derby-interlaken.ch\/es\/condiciones-generales\/","title":{"rendered":"Condiciones generales"},"content":{"rendered":"\t\t<div data-elementor-type=\"wp-page\" data-elementor-id=\"3391\" class=\"elementor elementor-3391 elementor-753\" data-elementor-post-type=\"page\">\n\t\t\t\t<div class=\"elementor-element elementor-element-1c813fb e-flex e-con-boxed e-con e-parent\" data-id=\"1c813fb\" data-element_type=\"container\" data-e-type=\"container\" data-settings=\"{&quot;background_background&quot;:&quot;classic&quot;}\">\n\t\t\t\t\t<div class=\"e-con-inner\">\n\t\t<div class=\"elementor-element elementor-element-08ddfbc e-flex e-con-boxed e-con e-parent\" data-id=\"08ddfbc\" data-element_type=\"container\" data-e-type=\"container\">\n\t\t\t\t\t<div class=\"e-con-inner\">\n\t\t<div class=\"elementor-element elementor-element-0a2f2a3 e-con-full e-flex e-con e-parent\" data-id=\"0a2f2a3\" data-element_type=\"container\" data-e-type=\"container\">\n\t\t\t\t<div class=\"elementor-element elementor-element-8007cf0 elementor-widget elementor-widget-heading\" data-id=\"8007cf0\" data-element_type=\"widget\" data-e-type=\"widget\" data-widget_type=\"heading.default\">\n\t\t\t\t<div class=\"elementor-widget-container\">\n\t\t\t\t\t<h1 class=\"elementor-heading-title elementor-size-xl\">Condiciones generales<\/h1>\t\t\t\t<\/div>\n\t\t\t\t<\/div>\n\t\t\t\t<\/div>\n\t\t<div class=\"elementor-element elementor-element-2207215 e-flex e-con-boxed e-con e-parent\" data-id=\"2207215\" data-element_type=\"container\" data-e-type=\"container\" data-settings=\"{&quot;background_background&quot;:&quot;classic&quot;}\">\n\t\t\t\t\t<div class=\"e-con-inner\">\n\t\t\t\t<div class=\"elementor-element elementor-element-ef84312 elementor-widget elementor-widget-text-editor\" data-id=\"ef84312\" data-element_type=\"widget\" data-e-type=\"widget\" data-widget_type=\"text-editor.default\">\n\t\t\t\t<div class=\"elementor-widget-container\">\n\t\t\t\t\t\t\t\t\t<h3>1. T\u00e9rminos y condiciones generales<\/h3>\n<p>Estos t\u00e9rminos y condiciones generales se aplican a su reserva realizada a trav\u00e9s de este sistema de reserva. Para solicitudes especiales como conferencias, eventos o reservas grupales, le recomendamos ponerse en contacto directamente con nosotros por correo electr\u00f3nico o tel\u00e9fono.<\/p>\n<h3>2. Reserva<\/h3>\n<p>Cada reserva de hotel a trav\u00e9s de este sistema de reserva en l\u00ednea se realiza directamente con nuestro hotel, sin intermediarios.<\/p>\n<h3>3. Contrato de alojamiento y pago<\/h3>\n<ol type=\"a\">\n<li>El contrato de alojamiento se celebra directamente entre usted y nuestro hotel durante la reserva. Usted paga el precio de la habitaci\u00f3n confirmado por nosotros directamente en el hotel. Todos los derechos y obligaciones derivados del contrato de alojamiento existen directa y exclusivamente entre el cliente y nuestro hotel.<\/li>\n<li>La reserva de la habitaci\u00f3n se realiza durante la reserva y es v\u00e1lida sin confirmaci\u00f3n de reserva. La confirmaci\u00f3n de reserva se env\u00eda autom\u00e1ticamente al cliente por correo electr\u00f3nico como informaci\u00f3n breve. Sin embargo, debido a incertidumbres t\u00e9cnicas, el sistema de reserva no puede verificar la recepci\u00f3n de la confirmaci\u00f3n por correo electr\u00f3nico. La eficacia de la reserva no se ve afectada por esto.<\/li>\n<\/ol>\n<h3>4. Tipo de reserva<\/h3>\n<p>La reserva garantizada se mantiene en el hotel durante toda la noche. En caso de cancelaci\u00f3n tard\u00eda o no presentaci\u00f3n, el hotel puede facturar los costos de alojamiento.<\/p>\n<h3>5. Cambios y cancelaciones<\/h3>\n<ol type=\"a\">\n<li>Cambios en las reservas: para evitar malentendidos, todos los cambios deben hacerse por tel\u00e9fono, correo electr\u00f3nico o fax. La puntualidad del cambio se determina por la llegada del aviso a nuestro hotel.<\/li>\n<li>Cancelaci\u00f3n de reservas: la cancelaci\u00f3n de una reserva realizada a trav\u00e9s de este sistema de reserva en l\u00ednea es v\u00e1lida solo si se realiza por escrito por fax o correo y lleva la firma v\u00e1lida del cliente de reserva. La cancelaci\u00f3n es v\u00e1lida solo si es reconocida por el hotel.<\/li>\n<\/ol>\n<p>En caso de cancelaci\u00f3n o cambio, el hotel puede cargar su tarjeta de cr\u00e9dito con una tarifa.<\/p>\n<h3>6. Tarifas de habitaciones acordadas contractualmente<\/h3>\n<p>Normalmente, los precios incluyen el cargo por servicio y el impuesto al valor agregado legal. La cantidad de impuestos adicionales est\u00e1 sujeta a cambios constantes y, por lo tanto, solo se proporciona como informaci\u00f3n no vinculante.<\/p>\n<h3>7. Protecci\u00f3n de datos<\/h3>\n<p>Los datos ingresados por el cliente se procesan electr\u00f3nicamente en el sistema de reserva. Estos datos solo se divulgan en la medida necesaria para realizar una reserva. No se divulgan con otros fines. Adem\u00e1s, se cumplen las regulaciones legales de protecci\u00f3n de datos al recopilar datos.<\/p>\n<h3>8. Varios<\/h3>\n<p>Toda la informaci\u00f3n se ha recopilado con el m\u00e1ximo cuidado. Sin embargo, no se asume ninguna responsabilidad por errores en la recopilaci\u00f3n de datos o la transmisi\u00f3n de datos. La transferencia de datos a otros medios, incluso parcialmente, o su uso para fines diferentes a los previstos aqu\u00ed, solo es posible con el permiso expreso del hotel. Se aplica la ley del domicilio del respectivo hotel. El lugar de cumplimiento tambi\u00e9n es el domicilio del hotel.<\/p>\n\t\t\t\t\t\t\t\t<\/div>\n\t\t\t\t<\/div>\n\t\t\t\t\t<\/div>\n\t\t\t\t<\/div>\n\t\t\t\t\t<\/div>\n\t\t\t\t<\/div>\n\t\t<div class=\"elementor-element elementor-element-044825f e-flex e-con-boxed e-con e-parent\" data-id=\"044825f\" data-element_type=\"container\" data-e-type=\"container\">\n\t\t\t\t\t<div class=\"e-con-inner\">\n\t\t<div class=\"elementor-element elementor-element-1b71c18 e-flex e-con-boxed e-con e-parent\" data-id=\"1b71c18\" data-element_type=\"container\" data-e-type=\"container\">\n\t\t\t\t\t<div class=\"e-con-inner\">\n\t\t\t\t<div class=\"elementor-element elementor-element-0ce7da2 elementor-align-justify elementor-widget elementor-widget-button\" data-id=\"0ce7da2\" data-element_type=\"widget\" data-e-type=\"widget\" data-widget_type=\"button.default\">\n\t\t\t\t<div class=\"elementor-widget-container\">\n\t\t\t\t\t\t\t\t\t<div class=\"elementor-button-wrapper\">\n\t\t\t\t\t<a class=\"elementor-button elementor-button-link elementor-size-sm\" href=\"https:\/\/hotel-derby-interlaken.ch\/es\/pie-de-imprenta\/\">\n\t\t\t\t\t\t<span class=\"elementor-button-content-wrapper\">\n\t\t\t\t\t\t\t\t\t<span class=\"elementor-button-text\">Pie de imprenta<\/span>\n\t\t\t\t\t<\/span>\n\t\t\t\t\t<\/a>\n\t\t\t\t<\/div>\n\t\t\t\t\t\t\t\t<\/div>\n\t\t\t\t<\/div>\n\t\t\t\t\t<\/div>\n\t\t\t\t<\/div>\n\t\t<div class=\"elementor-element elementor-element-0c951a3 e-flex e-con-boxed e-con e-parent\" data-id=\"0c951a3\" data-element_type=\"container\" data-e-type=\"container\">\n\t\t\t\t\t<div class=\"e-con-inner\">\n\t\t\t\t<div class=\"elementor-element elementor-element-05c4520 elementor-align-justify elementor-widget elementor-widget-button\" data-id=\"05c4520\" data-element_type=\"widget\" data-e-type=\"widget\" data-widget_type=\"button.default\">\n\t\t\t\t<div class=\"elementor-widget-container\">\n\t\t\t\t\t\t\t\t\t<div class=\"elementor-button-wrapper\">\n\t\t\t\t\t<a class=\"elementor-button elementor-button-link elementor-size-sm\" href=\"https:\/\/hotel-derby-interlaken.ch\/es\/proteccion-de-datos\/\">\n\t\t\t\t\t\t<span class=\"elementor-button-content-wrapper\">\n\t\t\t\t\t\t\t\t\t<span class=\"elementor-button-text\">Protecci\u00f3n de datos<\/span>\n\t\t\t\t\t<\/span>\n\t\t\t\t\t<\/a>\n\t\t\t\t<\/div>\n\t\t\t\t\t\t\t\t<\/div>\n\t\t\t\t<\/div>\n\t\t\t\t\t<\/div>\n\t\t\t\t<\/div>\n\t\t<div class=\"elementor-element elementor-element-cf0cbb8 e-flex e-con-boxed e-con e-parent\" data-id=\"cf0cbb8\" data-element_type=\"container\" data-e-type=\"container\">\n\t\t\t\t\t<div class=\"e-con-inner\">\n\t\t\t\t<div class=\"elementor-element elementor-element-8c118a8 elementor-align-justify elementor-widget elementor-widget-button\" data-id=\"8c118a8\" data-element_type=\"widget\" data-e-type=\"widget\" data-widget_type=\"button.default\">\n\t\t\t\t<div class=\"elementor-widget-container\">\n\t\t\t\t\t\t\t\t\t<div class=\"elementor-button-wrapper\">\n\t\t\t\t\t<a class=\"elementor-button elementor-button-link elementor-size-sm\" href=\"https:\/\/hotel-derby-interlaken.ch\/es\/condiciones-generales\/\">\n\t\t\t\t\t\t<span class=\"elementor-button-content-wrapper\">\n\t\t\t\t\t\t\t\t\t<span class=\"elementor-button-text\">Condiciones generales<\/span>\n\t\t\t\t\t<\/span>\n\t\t\t\t\t<\/a>\n\t\t\t\t<\/div>\n\t\t\t\t\t\t\t\t<\/div>\n\t\t\t\t<\/div>\n\t\t\t\t\t<\/div>\n\t\t\t\t<\/div>\n\t\t\t\t\t<\/div>\n\t\t\t\t<\/div>\n\t\t\t\t\t<\/div>\n\t\t\t\t<\/div>\n\t\t\t\t<\/div>\n\t\t","protected":false},"excerpt":{"rendered":"<p>Condiciones generales 1. T\u00e9rminos y condiciones generales Estos t\u00e9rminos y condiciones generales se aplican a su reserva realizada a trav\u00e9s de este sistema de reserva. Para solicitudes especiales como conferencias, eventos o reservas grupales, le recomendamos ponerse en contacto directamente con nosotros por correo electr\u00f3nico o tel\u00e9fono. 2. Reserva Cada reserva de hotel a trav\u00e9s [&hellip;]<\/p>\n","protected":false},"author":1,"featured_media":0,"parent":0,"menu_order":0,"comment_status":"closed","ping_status":"closed","template":"","meta":{"_acf_changed":false,"inline_featured_image":false,"footnotes":""},"class_list":["post-3391","page","type-page","status-publish","hentry"],"acf":[],"_links":{"self":[{"href":"https:\/\/hotel-derby-interlaken.ch\/es\/wp-json\/wp\/v2\/pages\/3391"}],"collection":[{"href":"https:\/\/hotel-derby-interlaken.ch\/es\/wp-json\/wp\/v2\/pages"}],"about":[{"href":"https:\/\/hotel-derby-interlaken.ch\/es\/wp-json\/wp\/v2\/types\/page"}],"author":[{"embeddable":true,"href":"https:\/\/hotel-derby-interlaken.ch\/es\/wp-json\/wp\/v2\/users\/1"}],"replies":[{"embeddable":true,"href":"https:\/\/hotel-derby-interlaken.ch\/es\/wp-json\/wp\/v2\/comments?post=3391"}],"version-history":[{"count":1,"href":"https:\/\/hotel-derby-interlaken.ch\/es\/wp-json\/wp\/v2\/pages\/3391\/revisions"}],"predecessor-version":[{"id":3392,"href":"https:\/\/hotel-derby-interlaken.ch\/es\/wp-json\/wp\/v2\/pages\/3391\/revisions\/3392"}],"wp:attachment":[{"href":"https:\/\/hotel-derby-interlaken.ch\/es\/wp-json\/wp\/v2\/media?parent=3391"}],"curies":[{"name":"wp","href":"https:\/\/api.w.org\/{rel}","templated":true}]}}