{"id":3413,"date":"2021-11-26T09:59:07","date_gmt":"2021-11-26T09:59:07","guid":{"rendered":"https:\/\/derby.uwebdev.ch\/pie-de-imprenta\/"},"modified":"2023-11-30T14:55:10","modified_gmt":"2023-11-30T14:55:10","slug":"pie-de-imprenta","status":"publish","type":"page","link":"https:\/\/hotel-derby-interlaken.ch\/es\/pie-de-imprenta\/","title":{"rendered":"Pie de imprenta"},"content":{"rendered":"\t\t<div data-elementor-type=\"wp-page\" data-elementor-id=\"3413\" class=\"elementor elementor-3413 elementor-27\" data-elementor-post-type=\"page\">\n\t\t\t\t<div class=\"elementor-element elementor-element-d73ae3c e-flex e-con-boxed e-con e-parent\" data-id=\"d73ae3c\" data-element_type=\"container\" data-e-type=\"container\" data-settings=\"{&quot;background_background&quot;:&quot;classic&quot;}\">\n\t\t\t\t\t<div class=\"e-con-inner\">\n\t\t<div class=\"elementor-element elementor-element-3b109aa e-flex e-con-boxed e-con e-parent\" data-id=\"3b109aa\" data-element_type=\"container\" data-e-type=\"container\">\n\t\t\t\t\t<div class=\"e-con-inner\">\n\t\t<div class=\"elementor-element elementor-element-48ca474 e-con-full e-flex e-con e-parent\" data-id=\"48ca474\" data-element_type=\"container\" data-e-type=\"container\">\n\t\t\t\t<div class=\"elementor-element elementor-element-2ba23cb elementor-widget elementor-widget-heading\" data-id=\"2ba23cb\" data-element_type=\"widget\" data-e-type=\"widget\" data-widget_type=\"heading.default\">\n\t\t\t\t<div class=\"elementor-widget-container\">\n\t\t\t\t\t<h1 class=\"elementor-heading-title elementor-size-xl\">Pie de imprenta<\/h1>\t\t\t\t<\/div>\n\t\t\t\t<\/div>\n\t\t\t\t<\/div>\n\t\t<div class=\"elementor-element elementor-element-383f4cb e-flex e-con-boxed e-con e-parent\" data-id=\"383f4cb\" data-element_type=\"container\" data-e-type=\"container\" data-settings=\"{&quot;background_background&quot;:&quot;classic&quot;}\">\n\t\t\t\t\t<div class=\"e-con-inner\">\n\t\t\t\t<div class=\"elementor-element elementor-element-ced63fb elementor-widget elementor-widget-text-editor\" data-id=\"ced63fb\" data-element_type=\"widget\" data-e-type=\"widget\" data-widget_type=\"text-editor.default\">\n\t\t\t\t<div class=\"elementor-widget-container\">\n\t\t\t\t\t\t\t\t\t<h3>Informaci\u00f3n de contacto<\/h3>\n<p><strong>Hotel Derby<\/strong><br \/>\nJungfraustrasse 70<br \/>\nCH-3800 Interlaken, Suiza<\/p>\n<h3>Dise\u00f1o web y programaci\u00f3n<\/h3>\n<p><a href=\"https:\/\/uwebdesign.ch\/\" target=\"_blank\" rel=\"noopener\">uWebDesign<\/a><\/p>\n<h3>Exenci\u00f3n de responsabilidad<\/h3>\n<p>El autor no ofrece ninguna garant\u00eda con respecto a la exactitud, precisi\u00f3n, actualidad, confiabilidad y completitud de la informaci\u00f3n proporcionada.<br \/>\nSe excluyen las reclamaciones de responsabilidad contra el autor por da\u00f1os de naturaleza material o inmaterial que resulten del acceso o uso, o la no utilizaci\u00f3n de la informaci\u00f3n publicada, del mal uso de la conexi\u00f3n o de las interrupciones t\u00e9cnicas.<\/p>\n<p>Todas las ofertas son sin compromiso. El autor se reserva expresamente el derecho de cambiar, complementar, eliminar o suspender la publicaci\u00f3n de partes o de la oferta completa sin previo aviso.<\/p>\n<h3>Responsabilidad por enlaces<\/h3>\n<p>Las referencias y enlaces a sitios web de terceros est\u00e1n fuera de nuestra \u00e1rea de responsabilidad. Se rechaza cualquier responsabilidad por dichos sitios web. El acceso y uso de estos sitios web se realiza bajo el propio riesgo del usuario.<\/p>\n\t\t\t\t\t\t\t\t<\/div>\n\t\t\t\t<\/div>\n\t\t\t\t\t<\/div>\n\t\t\t\t<\/div>\n\t\t\t\t\t<\/div>\n\t\t\t\t<\/div>\n\t\t<div class=\"elementor-element elementor-element-0f75ddf e-flex e-con-boxed e-con e-parent\" data-id=\"0f75ddf\" data-element_type=\"container\" data-e-type=\"container\">\n\t\t\t\t\t<div class=\"e-con-inner\">\n\t\t<div class=\"elementor-element elementor-element-c70f4c0 e-flex e-con-boxed e-con e-parent\" data-id=\"c70f4c0\" data-element_type=\"container\" data-e-type=\"container\">\n\t\t\t\t\t<div class=\"e-con-inner\">\n\t\t\t\t<div class=\"elementor-element elementor-element-3d8d7be elementor-align-justify elementor-widget elementor-widget-button\" data-id=\"3d8d7be\" data-element_type=\"widget\" data-e-type=\"widget\" data-widget_type=\"button.default\">\n\t\t\t\t<div class=\"elementor-widget-container\">\n\t\t\t\t\t\t\t\t\t<div class=\"elementor-button-wrapper\">\n\t\t\t\t\t<a class=\"elementor-button elementor-button-link elementor-size-sm\" href=\"https:\/\/hotel-derby-interlaken.ch\/es\/pie-de-imprenta\/\">\n\t\t\t\t\t\t<span class=\"elementor-button-content-wrapper\">\n\t\t\t\t\t\t\t\t\t<span class=\"elementor-button-text\">Pie de imprenta<\/span>\n\t\t\t\t\t<\/span>\n\t\t\t\t\t<\/a>\n\t\t\t\t<\/div>\n\t\t\t\t\t\t\t\t<\/div>\n\t\t\t\t<\/div>\n\t\t\t\t\t<\/div>\n\t\t\t\t<\/div>\n\t\t<div class=\"elementor-element elementor-element-49bbcf6 e-flex e-con-boxed e-con e-parent\" data-id=\"49bbcf6\" data-element_type=\"container\" data-e-type=\"container\">\n\t\t\t\t\t<div class=\"e-con-inner\">\n\t\t\t\t<div class=\"elementor-element elementor-element-bd655d9 elementor-align-justify elementor-widget elementor-widget-button\" data-id=\"bd655d9\" data-element_type=\"widget\" data-e-type=\"widget\" data-widget_type=\"button.default\">\n\t\t\t\t<div class=\"elementor-widget-container\">\n\t\t\t\t\t\t\t\t\t<div class=\"elementor-button-wrapper\">\n\t\t\t\t\t<a class=\"elementor-button elementor-button-link elementor-size-sm\" href=\"https:\/\/hotel-derby-interlaken.ch\/es\/proteccion-de-datos\/\">\n\t\t\t\t\t\t<span class=\"elementor-button-content-wrapper\">\n\t\t\t\t\t\t\t\t\t<span class=\"elementor-button-text\">Protecci\u00f3n de datos<\/span>\n\t\t\t\t\t<\/span>\n\t\t\t\t\t<\/a>\n\t\t\t\t<\/div>\n\t\t\t\t\t\t\t\t<\/div>\n\t\t\t\t<\/div>\n\t\t\t\t\t<\/div>\n\t\t\t\t<\/div>\n\t\t<div class=\"elementor-element elementor-element-84f4b8e e-flex e-con-boxed e-con e-parent\" data-id=\"84f4b8e\" data-element_type=\"container\" data-e-type=\"container\">\n\t\t\t\t\t<div class=\"e-con-inner\">\n\t\t\t\t<div class=\"elementor-element elementor-element-bd0ecb0 elementor-align-justify elementor-widget elementor-widget-button\" data-id=\"bd0ecb0\" data-element_type=\"widget\" data-e-type=\"widget\" data-widget_type=\"button.default\">\n\t\t\t\t<div class=\"elementor-widget-container\">\n\t\t\t\t\t\t\t\t\t<div class=\"elementor-button-wrapper\">\n\t\t\t\t\t<a class=\"elementor-button elementor-button-link elementor-size-sm\" href=\"https:\/\/hotel-derby-interlaken.ch\/es\/condiciones-generales\/\">\n\t\t\t\t\t\t<span class=\"elementor-button-content-wrapper\">\n\t\t\t\t\t\t\t\t\t<span class=\"elementor-button-text\">Condiciones generales<\/span>\n\t\t\t\t\t<\/span>\n\t\t\t\t\t<\/a>\n\t\t\t\t<\/div>\n\t\t\t\t\t\t\t\t<\/div>\n\t\t\t\t<\/div>\n\t\t\t\t\t<\/div>\n\t\t\t\t<\/div>\n\t\t\t\t\t<\/div>\n\t\t\t\t<\/div>\n\t\t\t\t\t<\/div>\n\t\t\t\t<\/div>\n\t\t\t\t<\/div>\n\t\t","protected":false},"excerpt":{"rendered":"<p>Pie de imprenta Informaci\u00f3n de contacto Hotel Derby Jungfraustrasse 70 CH-3800 Interlaken, Suiza Dise\u00f1o web y programaci\u00f3n uWebDesign Exenci\u00f3n de responsabilidad El autor no ofrece ninguna garant\u00eda con respecto a la exactitud, precisi\u00f3n, actualidad, confiabilidad y completitud de la informaci\u00f3n proporcionada. Se excluyen las reclamaciones de responsabilidad contra el autor por da\u00f1os de naturaleza material [&hellip;]<\/p>\n","protected":false},"author":1,"featured_media":0,"parent":0,"menu_order":0,"comment_status":"closed","ping_status":"closed","template":"elementor_header_footer","meta":{"_acf_changed":false,"inline_featured_image":false,"footnotes":""},"class_list":["post-3413","page","type-page","status-publish","hentry"],"acf":[],"_links":{"self":[{"href":"https:\/\/hotel-derby-interlaken.ch\/es\/wp-json\/wp\/v2\/pages\/3413"}],"collection":[{"href":"https:\/\/hotel-derby-interlaken.ch\/es\/wp-json\/wp\/v2\/pages"}],"about":[{"href":"https:\/\/hotel-derby-interlaken.ch\/es\/wp-json\/wp\/v2\/types\/page"}],"author":[{"embeddable":true,"href":"https:\/\/hotel-derby-interlaken.ch\/es\/wp-json\/wp\/v2\/users\/1"}],"replies":[{"embeddable":true,"href":"https:\/\/hotel-derby-interlaken.ch\/es\/wp-json\/wp\/v2\/comments?post=3413"}],"version-history":[{"count":1,"href":"https:\/\/hotel-derby-interlaken.ch\/es\/wp-json\/wp\/v2\/pages\/3413\/revisions"}],"predecessor-version":[{"id":3414,"href":"https:\/\/hotel-derby-interlaken.ch\/es\/wp-json\/wp\/v2\/pages\/3413\/revisions\/3414"}],"wp:attachment":[{"href":"https:\/\/hotel-derby-interlaken.ch\/es\/wp-json\/wp\/v2\/media?parent=3413"}],"curies":[{"name":"wp","href":"https:\/\/api.w.org\/{rel}","templated":true}]}}