{"id":3500,"date":"2023-03-24T14:38:31","date_gmt":"2023-03-24T14:38:31","guid":{"rendered":"https:\/\/derby.uwebdev.ch\/informacion\/acerquese-a\/"},"modified":"2024-01-13T09:13:30","modified_gmt":"2024-01-13T09:13:30","slug":"acerquese-a","status":"publish","type":"page","link":"https:\/\/hotel-derby-interlaken.ch\/es\/informacion\/acerquese-a\/","title":{"rendered":"Ac\u00e9rquese a"},"content":{"rendered":"\t\t<div data-elementor-type=\"wp-page\" data-elementor-id=\"3500\" class=\"elementor elementor-3500 elementor-350\" data-elementor-post-type=\"page\">\n\t\t\t\t<div class=\"elementor-element elementor-element-ec42f59 e-flex e-con-boxed e-con e-parent\" data-id=\"ec42f59\" data-element_type=\"container\" data-e-type=\"container\" data-settings=\"{&quot;background_background&quot;:&quot;classic&quot;}\">\n\t\t\t\t\t<div class=\"e-con-inner\">\n\t\t\t\t<div class=\"elementor-element elementor-element-b1e11de elementor-widget elementor-widget-heading\" data-id=\"b1e11de\" data-element_type=\"widget\" data-e-type=\"widget\" data-widget_type=\"heading.default\">\n\t\t\t\t<div class=\"elementor-widget-container\">\n\t\t\t\t\t<h1 class=\"elementor-heading-title elementor-size-xxl\">Ac\u00e9rquese a<\/h1>\t\t\t\t<\/div>\n\t\t\t\t<\/div>\n\t\t<div class=\"elementor-element elementor-element-2074d6f e-flex e-con-boxed e-con e-child\" data-id=\"2074d6f\" data-element_type=\"container\" data-e-type=\"container\">\n\t\t\t\t\t<div class=\"e-con-inner\">\n\t\t<div class=\"elementor-element elementor-element-92f3580 e-flex e-con-boxed e-con e-child\" data-id=\"92f3580\" data-element_type=\"container\" data-e-type=\"container\">\n\t\t\t\t\t<div class=\"e-con-inner\">\n\t\t\t\t<div class=\"elementor-element elementor-element-73e3cdb elementor-widget elementor-widget-heading\" data-id=\"73e3cdb\" data-element_type=\"widget\" data-e-type=\"widget\" data-widget_type=\"heading.default\">\n\t\t\t\t<div class=\"elementor-widget-container\">\n\t\t\t\t\t<h3 class=\"elementor-heading-title elementor-size-medium\">Viniendo de Berna, tome la salida Interlaken Oeste:<\/h3>\t\t\t\t<\/div>\n\t\t\t\t<\/div>\n\t\t\t\t<div class=\"elementor-element elementor-element-6dd451b elementor-widget elementor-widget-text-editor\" data-id=\"6dd451b\" data-element_type=\"widget\" data-e-type=\"widget\" data-widget_type=\"text-editor.default\">\n\t\t\t\t<div class=\"elementor-widget-container\">\n\t\t\t\t\t\t\t\t\t<p>Mant\u00e9ngase siempre en la carretera principal. Gire a la derecha en el primer sem\u00e1foro. Tras unos 200 metros, el hotel se encuentra a mano derecha. Siga las indicaciones hacia el \u00abHotel Derby\u00bb.<\/p>\n\t\t\t\t\t\t\t\t<\/div>\n\t\t\t\t<\/div>\n\t\t\t\t<div class=\"elementor-element elementor-element-84df097 elementor-widget elementor-widget-heading\" data-id=\"84df097\" data-element_type=\"widget\" data-e-type=\"widget\" data-widget_type=\"heading.default\">\n\t\t\t\t<div class=\"elementor-widget-container\">\n\t\t\t\t\t<h3 class=\"elementor-heading-title elementor-size-medium\">Desde la direcci\u00f3n de Lucerna, Br\u00fcnig:<\/h3>\t\t\t\t<\/div>\n\t\t\t\t<\/div>\n\t\t\t\t<div class=\"elementor-element elementor-element-55e3e9f elementor-widget elementor-widget-text-editor\" data-id=\"55e3e9f\" data-element_type=\"widget\" data-e-type=\"widget\" data-widget_type=\"text-editor.default\">\n\t\t\t\t<div class=\"elementor-widget-container\">\n\t\t\t\t\t\t\t\t\t<p>Tome la salida Wilderswil y gire a la derecha. Permanezca en la carretera principal, gire a la derecha en la gran casa de madera antigua (Gasthof Hirschen), tome la siguiente a la izquierda. Despu\u00e9s de 200 metros hotel a la izquierda. Siga las indicaciones hacia el \u00abHotel Derby\u00bb.<\/p>\n\t\t\t\t\t\t\t\t<\/div>\n\t\t\t\t<\/div>\n\t\t\t\t<div class=\"elementor-element elementor-element-200a700 elementor-widget elementor-widget-heading\" data-id=\"200a700\" data-element_type=\"widget\" data-e-type=\"widget\" data-widget_type=\"heading.default\">\n\t\t\t\t<div class=\"elementor-widget-container\">\n\t\t\t\t\t<h2 class=\"elementor-heading-title elementor-size-large\">En tren<\/h2>\t\t\t\t<\/div>\n\t\t\t\t<\/div>\n\t\t\t\t<div class=\"elementor-element elementor-element-fc36f6f elementor-widget elementor-widget-text-editor\" data-id=\"fc36f6f\" data-element_type=\"widget\" data-e-type=\"widget\" data-widget_type=\"text-editor.default\">\n\t\t\t\t<div class=\"elementor-widget-container\">\n\t\t\t\t\t\t\t\t\t<p><strong>Desde la estaci\u00f3n de tren Interlaken WEST<\/strong>: Autob\u00fas 105 hasta la parada \u00abJungfraublick\u00bb. Desde all\u00ed, vuelva andando unos 50 metros o tome el autob\u00fas 104 hasta la parada \u00abHotel Regina\u00bb. Desde all\u00ed camine unos 250 m hacia el centro.<\/p>\n<p>Tambi\u00e9n est\u00e1 a s\u00f3lo unos 10 minutos de la <strong>estaci\u00f3n de ferrocarril de Interlaken WEST<\/strong>. a pie o puede tomar un taxi.<\/p>\n<p><strong>Desde la estaci\u00f3n de tren OST de Interlaken<\/strong>: Autob\u00fas 102\/103 \u00f3 21 hasta la parada \u00abJungfraustrasse\u00bb. Desde all\u00ed aprox. 10 min. Atraviese la zona peatonal, cruce el cruce y contin\u00fae recto por el lado derecho.<\/p>\n<p>Tambi\u00e9n puede tomar un taxi hasta aqu\u00ed.<\/p>\n\t\t\t\t\t\t\t\t<\/div>\n\t\t\t\t<\/div>\n\t\t\t\t<div class=\"elementor-element elementor-element-8850afa elementor-widget elementor-widget-button\" data-id=\"8850afa\" data-element_type=\"widget\" data-e-type=\"widget\" data-widget_type=\"button.default\">\n\t\t\t\t<div class=\"elementor-widget-container\">\n\t\t\t\t\t\t\t\t\t<div class=\"elementor-button-wrapper\">\n\t\t\t\t\t<a class=\"elementor-button elementor-button-link elementor-size-sm\" href=\"https:\/\/www.sbb.ch\/\" target=\"_blank\" rel=\"noopener\">\n\t\t\t\t\t\t<span class=\"elementor-button-content-wrapper\">\n\t\t\t\t\t\t\t\t\t<span class=\"elementor-button-text\">Horario de trenes<\/span>\n\t\t\t\t\t<\/span>\n\t\t\t\t\t<\/a>\n\t\t\t\t<\/div>\n\t\t\t\t\t\t\t\t<\/div>\n\t\t\t\t<\/div>\n\t\t\t\t\t<\/div>\n\t\t\t\t<\/div>\n\t\t<div class=\"elementor-element elementor-element-d4a4466 e-flex e-con-boxed e-con e-child\" data-id=\"d4a4466\" data-element_type=\"container\" data-e-type=\"container\">\n\t\t\t\t\t<div class=\"e-con-inner\">\n\t\t\t\t<div class=\"elementor-element elementor-element-6d0d8ca elementor-widget elementor-widget-google_maps\" data-id=\"6d0d8ca\" data-element_type=\"widget\" data-e-type=\"widget\" data-widget_type=\"google_maps.default\">\n\t\t\t\t<div class=\"elementor-widget-container\">\n\t\t\t\t\t\t\t<div class=\"elementor-custom-embed\">\n\t\t\t<iframe loading=\"lazy\"\n\t\t\t\t\tsrc=\"https:\/\/maps.google.com\/maps?q=Hotel%20Derby%2CJungfraustrasse%2070%2CCH-3800%20Interlaken%2C%20Schweiz&#038;t=m&#038;z=13&#038;output=embed&#038;iwloc=near\"\n\t\t\t\t\ttitle=\"Hotel Derby,Jungfraustrasse 70,CH-3800 Interlaken, Schweiz\"\n\t\t\t\t\taria-label=\"Hotel Derby,Jungfraustrasse 70,CH-3800 Interlaken, Schweiz\"\n\t\t\t><\/iframe>\n\t\t<\/div>\n\t\t\t\t\t\t<\/div>\n\t\t\t\t<\/div>\n\t\t\t\t\t<\/div>\n\t\t\t\t<\/div>\n\t\t\t\t\t<\/div>\n\t\t\t\t<\/div>\n\t\t<div class=\"elementor-element elementor-element-4c5b093 e-flex e-con-boxed e-con e-child\" data-id=\"4c5b093\" data-element_type=\"container\" data-e-type=\"container\">\n\t\t\t\t\t<div class=\"e-con-inner\">\n\t\t<div class=\"elementor-element elementor-element-dc67847 e-flex e-con-boxed e-con e-child\" data-id=\"dc67847\" data-element_type=\"container\" data-e-type=\"container\">\n\t\t\t\t\t<div class=\"e-con-inner\">\n\t\t\t\t<div class=\"elementor-element elementor-element-867ab02 elementor-align-justify elementor-widget elementor-widget-button\" data-id=\"867ab02\" data-element_type=\"widget\" data-e-type=\"widget\" data-widget_type=\"button.default\">\n\t\t\t\t<div class=\"elementor-widget-container\">\n\t\t\t\t\t\t\t\t\t<div class=\"elementor-button-wrapper\">\n\t\t\t\t\t<a class=\"elementor-button elementor-button-link elementor-size-sm\" href=\"https:\/\/hotel-derby-interlaken.ch\/es\/informacion\/acerquese-a\/\">\n\t\t\t\t\t\t<span class=\"elementor-button-content-wrapper\">\n\t\t\t\t\t\t\t\t\t<span class=\"elementor-button-text\">Ac\u00e9rquese a<\/span>\n\t\t\t\t\t<\/span>\n\t\t\t\t\t<\/a>\n\t\t\t\t<\/div>\n\t\t\t\t\t\t\t\t<\/div>\n\t\t\t\t<\/div>\n\t\t\t\t\t<\/div>\n\t\t\t\t<\/div>\n\t\t<div class=\"elementor-element elementor-element-8a98e3a e-flex e-con-boxed e-con e-child\" data-id=\"8a98e3a\" data-element_type=\"container\" data-e-type=\"container\">\n\t\t\t\t\t<div class=\"e-con-inner\">\n\t\t\t\t<div class=\"elementor-element elementor-element-d26631b elementor-align-justify elementor-widget elementor-widget-button\" data-id=\"d26631b\" data-element_type=\"widget\" data-e-type=\"widget\" data-widget_type=\"button.default\">\n\t\t\t\t<div class=\"elementor-widget-container\">\n\t\t\t\t\t\t\t\t\t<div class=\"elementor-button-wrapper\">\n\t\t\t\t\t<a class=\"elementor-button elementor-button-link elementor-size-sm\" href=\"https:\/\/hotel-derby-interlaken.ch\/es\/informacion\/preguntas-frecuentes\/\">\n\t\t\t\t\t\t<span class=\"elementor-button-content-wrapper\">\n\t\t\t\t\t\t\t\t\t<span class=\"elementor-button-text\">PREGUNTAS FRECUENTES<\/span>\n\t\t\t\t\t<\/span>\n\t\t\t\t\t<\/a>\n\t\t\t\t<\/div>\n\t\t\t\t\t\t\t\t<\/div>\n\t\t\t\t<\/div>\n\t\t\t\t\t<\/div>\n\t\t\t\t<\/div>\n\t\t<div class=\"elementor-element elementor-element-c9ccb32 e-flex e-con-boxed e-con e-child\" data-id=\"c9ccb32\" data-element_type=\"container\" data-e-type=\"container\">\n\t\t\t\t\t<div class=\"e-con-inner\">\n\t\t\t\t<div class=\"elementor-element elementor-element-15f9ee1 elementor-align-justify elementor-widget elementor-widget-button\" data-id=\"15f9ee1\" data-element_type=\"widget\" data-e-type=\"widget\" data-widget_type=\"button.default\">\n\t\t\t\t<div class=\"elementor-widget-container\">\n\t\t\t\t\t\t\t\t\t<div class=\"elementor-button-wrapper\">\n\t\t\t\t\t<a class=\"elementor-button elementor-button-link elementor-size-sm\" href=\"https:\/\/hotel-derby-interlaken.ch\/es\/informacion\/contacte-con-nosotros\/\">\n\t\t\t\t\t\t<span class=\"elementor-button-content-wrapper\">\n\t\t\t\t\t\t\t\t\t<span class=\"elementor-button-text\">Contacte con nosotros<\/span>\n\t\t\t\t\t<\/span>\n\t\t\t\t\t<\/a>\n\t\t\t\t<\/div>\n\t\t\t\t\t\t\t\t<\/div>\n\t\t\t\t<\/div>\n\t\t\t\t\t<\/div>\n\t\t\t\t<\/div>\n\t\t\t\t\t<\/div>\n\t\t\t\t<\/div>\n\t\t\t\t\t<\/div>\n\t\t\t\t<\/div>\n\t\t\t\t<\/div>\n\t\t","protected":false},"excerpt":{"rendered":"<p>Ac\u00e9rquese a Viniendo de Berna, tome la salida Interlaken Oeste: Mant\u00e9ngase siempre en la carretera principal. Gire a la derecha en el primer sem\u00e1foro. Tras unos 200 metros, el hotel se encuentra a mano derecha. Siga las indicaciones hacia el \u00abHotel Derby\u00bb. Desde la direcci\u00f3n de Lucerna, Br\u00fcnig: Tome la salida Wilderswil y gire a [&hellip;]<\/p>\n","protected":false},"author":1,"featured_media":0,"parent":3482,"menu_order":0,"comment_status":"closed","ping_status":"closed","template":"","meta":{"_acf_changed":false,"inline_featured_image":false,"footnotes":""},"class_list":["post-3500","page","type-page","status-publish","hentry"],"acf":[],"_links":{"self":[{"href":"https:\/\/hotel-derby-interlaken.ch\/es\/wp-json\/wp\/v2\/pages\/3500"}],"collection":[{"href":"https:\/\/hotel-derby-interlaken.ch\/es\/wp-json\/wp\/v2\/pages"}],"about":[{"href":"https:\/\/hotel-derby-interlaken.ch\/es\/wp-json\/wp\/v2\/types\/page"}],"author":[{"embeddable":true,"href":"https:\/\/hotel-derby-interlaken.ch\/es\/wp-json\/wp\/v2\/users\/1"}],"replies":[{"embeddable":true,"href":"https:\/\/hotel-derby-interlaken.ch\/es\/wp-json\/wp\/v2\/comments?post=3500"}],"version-history":[{"count":11,"href":"https:\/\/hotel-derby-interlaken.ch\/es\/wp-json\/wp\/v2\/pages\/3500\/revisions"}],"predecessor-version":[{"id":5173,"href":"https:\/\/hotel-derby-interlaken.ch\/es\/wp-json\/wp\/v2\/pages\/3500\/revisions\/5173"}],"up":[{"embeddable":true,"href":"https:\/\/hotel-derby-interlaken.ch\/es\/wp-json\/wp\/v2\/pages\/3482"}],"wp:attachment":[{"href":"https:\/\/hotel-derby-interlaken.ch\/es\/wp-json\/wp\/v2\/media?parent=3500"}],"curies":[{"name":"wp","href":"https:\/\/api.w.org\/{rel}","templated":true}]}}