{"id":3560,"date":"2023-03-14T22:23:30","date_gmt":"2023-03-14T22:23:30","guid":{"rendered":"https:\/\/derby.uwebdev.ch\/sobre-nosotros\/"},"modified":"2025-05-15T13:32:17","modified_gmt":"2025-05-15T13:32:17","slug":"sobre-nosotros","status":"publish","type":"page","link":"https:\/\/hotel-derby-interlaken.ch\/es\/sobre-nosotros\/","title":{"rendered":"Sobre nosotros"},"content":{"rendered":"\t\t<div data-elementor-type=\"wp-page\" data-elementor-id=\"3560\" class=\"elementor elementor-3560 elementor-107\" data-elementor-post-type=\"page\">\n\t\t\t\t<div class=\"elementor-element elementor-element-ff0c16a uparallax e-flex e-con-boxed e-con e-parent\" data-id=\"ff0c16a\" data-element_type=\"container\" data-e-type=\"container\" data-settings=\"{&quot;background_background&quot;:&quot;classic&quot;}\">\n\t\t\t\t\t<div class=\"e-con-inner\">\n\t\t\t\t\t<\/div>\n\t\t\t\t<\/div>\n\t\t<div class=\"elementor-element elementor-element-4be1f5f e-con-full e-flex e-con e-parent\" data-id=\"4be1f5f\" data-element_type=\"container\" data-e-type=\"container\" data-settings=\"{&quot;background_background&quot;:&quot;classic&quot;}\">\n\t\t<div class=\"elementor-element elementor-element-84d1c60 e-con-full e-flex e-con e-child\" data-id=\"84d1c60\" data-element_type=\"container\" data-e-type=\"container\" data-settings=\"{&quot;motion_fx_motion_fx_scrolling&quot;:&quot;yes&quot;,&quot;motion_fx_translateY_effect&quot;:&quot;yes&quot;,&quot;motion_fx_translateY_speed&quot;:{&quot;unit&quot;:&quot;px&quot;,&quot;size&quot;:2.79999999999999982236431605997495353221893310546875,&quot;sizes&quot;:[]},&quot;motion_fx_devices&quot;:[&quot;desktop&quot;,&quot;tablet&quot;],&quot;motion_fx_translateY_affectedRange&quot;:{&quot;unit&quot;:&quot;%&quot;,&quot;size&quot;:&quot;&quot;,&quot;sizes&quot;:{&quot;start&quot;:0,&quot;end&quot;:100}}}\">\n\t\t<div class=\"elementor-element elementor-element-f1bbf87 e-con-full e-flex e-con e-child\" data-id=\"f1bbf87\" data-element_type=\"container\" data-e-type=\"container\" data-settings=\"{&quot;background_background&quot;:&quot;classic&quot;}\">\n\t\t\t\t<div class=\"elementor-element elementor-element-982f8fd elementor-widget elementor-widget-heading\" data-id=\"982f8fd\" data-element_type=\"widget\" data-e-type=\"widget\" data-widget_type=\"heading.default\">\n\t\t\t\t<div class=\"elementor-widget-container\">\n\t\t\t\t\t<h1 class=\"elementor-heading-title elementor-size-xxl\">Sobre nosotros<\/h1>\t\t\t\t<\/div>\n\t\t\t\t<\/div>\n\t\t\t\t<div class=\"elementor-element elementor-element-ca0bc74 elementor-widget__width-initial elementor-widget elementor-widget-text-editor\" data-id=\"ca0bc74\" data-element_type=\"widget\" data-e-type=\"widget\" data-widget_type=\"text-editor.default\">\n\t\t\t\t<div class=\"elementor-widget-container\">\n\t\t\t\t\t\t\t\t\t<p>Enclavado entre los pintorescos picos de la regi\u00f3n de Jungfrau, el Hotel Derby Interlaken &#8211; Action &amp; Relax Hub le da la bienvenida con una mezcla perfecta de c\u00e1lida hospitalidad suiza y estilo contempor\u00e1neo.<\/p>\n\t\t\t\t\t\t\t\t<\/div>\n\t\t\t\t<\/div>\n\t\t\t\t<\/div>\n\t\t\t\t<\/div>\n\t\t\t\t<\/div>\n\t\t<div class=\"elementor-element elementor-element-18e1b84 elementor-hidden-desktop elementor-hidden-tablet elementor-hidden-mobile e-flex e-con-boxed e-con e-parent\" data-id=\"18e1b84\" data-element_type=\"container\" data-e-type=\"container\" data-settings=\"{&quot;background_background&quot;:&quot;classic&quot;}\">\n\t\t\t\t\t<div class=\"e-con-inner\">\n\t\t<div class=\"elementor-element elementor-element-f02650e e-con-full e-flex e-con e-child\" data-id=\"f02650e\" data-element_type=\"container\" data-e-type=\"container\">\n\t\t\t\t<div class=\"elementor-element elementor-element-0a37f25 elementor-widget elementor-widget-image\" data-id=\"0a37f25\" data-element_type=\"widget\" data-e-type=\"widget\" data-widget_type=\"image.default\">\n\t\t\t\t<div class=\"elementor-widget-container\">\n\t\t\t\t\t\t\t\t\t\t\t\t\t\t\t<img fetchpriority=\"high\" decoding=\"async\" width=\"800\" height=\"534\" src=\"https:\/\/hotel-derby-interlaken.ch\/wp-content\/uploads\/2023\/12\/20231214-DSC08280-1024x683.jpg\" class=\"attachment-large size-large wp-image-4814\" alt=\"\" srcset=\"https:\/\/hotel-derby-interlaken.ch\/wp-content\/uploads\/2023\/12\/20231214-DSC08280-1024x683.jpg 1024w, https:\/\/hotel-derby-interlaken.ch\/wp-content\/uploads\/2023\/12\/20231214-DSC08280-300x200.jpg 300w, https:\/\/hotel-derby-interlaken.ch\/wp-content\/uploads\/2023\/12\/20231214-DSC08280-768x512.jpg 768w, https:\/\/hotel-derby-interlaken.ch\/wp-content\/uploads\/2023\/12\/20231214-DSC08280-1536x1024.jpg 1536w, https:\/\/hotel-derby-interlaken.ch\/wp-content\/uploads\/2023\/12\/20231214-DSC08280.jpg 1920w\" sizes=\"(max-width: 800px) 100vw, 800px\" \/>\t\t\t\t\t\t\t\t\t\t\t\t\t\t\t<\/div>\n\t\t\t\t<\/div>\n\t\t\t\t<\/div>\n\t\t<div class=\"elementor-element elementor-element-c6570f2 e-con-full e-flex e-con e-child\" data-id=\"c6570f2\" data-element_type=\"container\" data-e-type=\"container\">\n\t\t<div class=\"elementor-element elementor-element-8f312fd e-con-full e-flex e-con e-child\" data-id=\"8f312fd\" data-element_type=\"container\" data-e-type=\"container\" data-settings=\"{&quot;background_background&quot;:&quot;classic&quot;}\">\n\t\t\t\t<div class=\"elementor-element elementor-element-fe92f84 elementor-widget elementor-widget-heading\" data-id=\"fe92f84\" data-element_type=\"widget\" data-e-type=\"widget\" data-widget_type=\"heading.default\">\n\t\t\t\t<div class=\"elementor-widget-container\">\n\t\t\t\t\t<h2 class=\"elementor-heading-title elementor-size-large\">Los anfitriones<\/h2>\t\t\t\t<\/div>\n\t\t\t\t<\/div>\n\t\t\t\t<div class=\"elementor-element elementor-element-8629a25 elementor-widget elementor-widget-text-editor\" data-id=\"8629a25\" data-element_type=\"widget\" data-e-type=\"widget\" data-widget_type=\"text-editor.default\">\n\t\t\t\t<div class=\"elementor-widget-container\">\n\t\t\t\t\t\t\t\t\t<p>Me gustar\u00eda darte una calurosa bienvenida. El tama\u00f1o manejable de nuestro hotel gestionado personalmente, la ubicaci\u00f3n c\u00e9ntrica en el centro de Interlaken y la atenci\u00f3n individual a nuestros hu\u00e9spedes de todo el mundo son algunos de nuestros puntos fuertes. \u00a1Estamos deseando verle!<\/p>\n\t\t\t\t\t\t\t\t<\/div>\n\t\t\t\t<\/div>\n\t\t\t\t<\/div>\n\t\t\t\t<\/div>\n\t\t\t\t\t<\/div>\n\t\t\t\t<\/div>\n\t\t<div class=\"elementor-element elementor-element-3379521 e-flex e-con-boxed e-con e-parent\" data-id=\"3379521\" data-element_type=\"container\" data-e-type=\"container\" data-settings=\"{&quot;background_background&quot;:&quot;classic&quot;}\">\n\t\t\t\t\t<div class=\"e-con-inner\">\n\t\t<div class=\"elementor-element elementor-element-1e679d5 e-flex e-con-boxed e-con e-child\" data-id=\"1e679d5\" data-element_type=\"container\" data-e-type=\"container\">\n\t\t\t\t\t<div class=\"e-con-inner\">\n\t\t\t\t<div class=\"elementor-element elementor-element-463de29 elementor-widget elementor-widget-heading\" data-id=\"463de29\" data-element_type=\"widget\" data-e-type=\"widget\" data-widget_type=\"heading.default\">\n\t\t\t\t<div class=\"elementor-widget-container\">\n\t\t\t\t\t<h2 class=\"elementor-heading-title elementor-size-xxl\">Declaraci\u00f3n de objetivos<\/h2>\t\t\t\t<\/div>\n\t\t\t\t<\/div>\n\t\t\t\t\t<\/div>\n\t\t\t\t<\/div>\n\t\t<div class=\"elementor-element elementor-element-da9c028 e-flex e-con-boxed e-con e-child\" data-id=\"da9c028\" data-element_type=\"container\" data-e-type=\"container\">\n\t\t\t\t\t<div class=\"e-con-inner\">\n\t\t\t\t<div class=\"elementor-element elementor-element-19f2d2d elementor-widget elementor-widget-text-editor\" data-id=\"19f2d2d\" data-element_type=\"widget\" data-e-type=\"widget\" data-widget_type=\"text-editor.default\">\n\t\t\t\t<div class=\"elementor-widget-container\">\n\t\t\t\t\t\t\t\t\t<p>Estaremos encantados de presentarle nuestra declaraci\u00f3n de objetivos:<\/p>\n\t\t\t\t\t\t\t\t<\/div>\n\t\t\t\t<\/div>\n\t\t\t\t\t<\/div>\n\t\t\t\t<\/div>\n\t\t<div class=\"elementor-element elementor-element-c2d1928 e-flex e-con-boxed e-con e-child\" data-id=\"c2d1928\" data-element_type=\"container\" data-e-type=\"container\">\n\t\t\t\t\t<div class=\"e-con-inner\">\n\t\t<div class=\"elementor-element elementor-element-19dde7c e-flex e-con-boxed e-con e-child\" data-id=\"19dde7c\" data-element_type=\"container\" data-e-type=\"container\">\n\t\t\t\t\t<div class=\"e-con-inner\">\n\t\t\t\t<div class=\"elementor-element elementor-element-1375781 elementor-widget elementor-widget-heading\" data-id=\"1375781\" data-element_type=\"widget\" data-e-type=\"widget\" data-widget_type=\"heading.default\">\n\t\t\t\t<div class=\"elementor-widget-container\">\n\t\t\t\t\t<h3 class=\"elementor-heading-title elementor-size-xl\">Para nuestros hu\u00e9spedes<\/h3>\t\t\t\t<\/div>\n\t\t\t\t<\/div>\n\t\t\t\t\t<\/div>\n\t\t\t\t<\/div>\n\t\t<div class=\"elementor-element elementor-element-6739def e-flex e-con-boxed e-con e-child\" data-id=\"6739def\" data-element_type=\"container\" data-e-type=\"container\" data-settings=\"{&quot;background_background&quot;:&quot;classic&quot;}\">\n\t\t\t\t\t<div class=\"e-con-inner\">\n\t\t\t\t<div class=\"elementor-element elementor-element-5c28d12 elementor-widget elementor-widget-text-editor\" data-id=\"5c28d12\" data-element_type=\"widget\" data-e-type=\"widget\" data-widget_type=\"text-editor.default\">\n\t\t\t\t<div class=\"elementor-widget-container\">\n\t\t\t\t\t\t\t\t\t<p>Con nosotros est\u00e1 en buenas manos.<\/p>\n<ul>\n<li>Hacemos que ustedes, nuestros hu\u00e9spedes, se sientan como en casa<\/li>\n<li>Somos amables, corteses y serviciales<\/li>\n<li>Prestamos atenci\u00f3n a una relaci\u00f3n precio-rendimiento equilibrada<\/li>\n<li>Concedemos gran importancia a la limpieza y la higiene<\/li>\n<li>Estaremos encantados de asesorarle y ayudarle a organizar excursiones y actividades de ocio<\/li>\n<\/ul>\n\t\t\t\t\t\t\t\t<\/div>\n\t\t\t\t<\/div>\n\t\t\t\t\t<\/div>\n\t\t\t\t<\/div>\n\t\t\t\t\t<\/div>\n\t\t\t\t<\/div>\n\t\t<div class=\"elementor-element elementor-element-5ecbf22 e-flex e-con-boxed e-con e-child\" data-id=\"5ecbf22\" data-element_type=\"container\" data-e-type=\"container\">\n\t\t\t\t\t<div class=\"e-con-inner\">\n\t\t<div class=\"elementor-element elementor-element-78654c2 e-flex e-con-boxed e-con e-child\" data-id=\"78654c2\" data-element_type=\"container\" data-e-type=\"container\">\n\t\t\t\t\t<div class=\"e-con-inner\">\n\t\t\t\t<div class=\"elementor-element elementor-element-ac4ffd1 elementor-widget elementor-widget-heading\" data-id=\"ac4ffd1\" data-element_type=\"widget\" data-e-type=\"widget\" data-widget_type=\"heading.default\">\n\t\t\t\t<div class=\"elementor-widget-container\">\n\t\t\t\t\t<h3 class=\"elementor-heading-title elementor-size-xl\">Con nuestros empleados<\/h3>\t\t\t\t<\/div>\n\t\t\t\t<\/div>\n\t\t\t\t\t<\/div>\n\t\t\t\t<\/div>\n\t\t<div class=\"elementor-element elementor-element-78bdcf5 e-flex e-con-boxed e-con e-child\" data-id=\"78bdcf5\" data-element_type=\"container\" data-e-type=\"container\" data-settings=\"{&quot;background_background&quot;:&quot;classic&quot;}\">\n\t\t\t\t\t<div class=\"e-con-inner\">\n\t\t\t\t<div class=\"elementor-element elementor-element-4f1e6f3 elementor-widget elementor-widget-text-editor\" data-id=\"4f1e6f3\" data-element_type=\"widget\" data-e-type=\"widget\" data-widget_type=\"text-editor.default\">\n\t\t\t\t<div class=\"elementor-widget-container\">\n\t\t\t\t\t\t\t\t\t<p>Nuestros empleados son el capital de nuestra empresa.<\/p>\n<ul>\n<li>El trabajo debe ser divertido y agradable para ellos<\/li>\n<li>Saben que su buen trabajo se traduce en hu\u00e9spedes satisfechos que se van &#8211; y vuelven de nuevo<\/li>\n<li>Est\u00e1n disponibles para ayudar con informaci\u00f3n<\/li>\n<\/ul>\n\t\t\t\t\t\t\t\t<\/div>\n\t\t\t\t<\/div>\n\t\t\t\t\t<\/div>\n\t\t\t\t<\/div>\n\t\t\t\t\t<\/div>\n\t\t\t\t<\/div>\n\t\t<div class=\"elementor-element elementor-element-df399fb e-flex e-con-boxed e-con e-child\" data-id=\"df399fb\" data-element_type=\"container\" data-e-type=\"container\">\n\t\t\t\t\t<div class=\"e-con-inner\">\n\t\t<div class=\"elementor-element elementor-element-d82f8c4 e-flex e-con-boxed e-con e-child\" data-id=\"d82f8c4\" data-element_type=\"container\" data-e-type=\"container\">\n\t\t\t\t\t<div class=\"e-con-inner\">\n\t\t\t\t<div class=\"elementor-element elementor-element-f78c45e elementor-widget elementor-widget-heading\" data-id=\"f78c45e\" data-element_type=\"widget\" data-e-type=\"widget\" data-widget_type=\"heading.default\">\n\t\t\t\t<div class=\"elementor-widget-container\">\n\t\t\t\t\t<h3 class=\"elementor-heading-title elementor-size-xl\">Por nuestro medio ambiente<\/h3>\t\t\t\t<\/div>\n\t\t\t\t<\/div>\n\t\t\t\t\t<\/div>\n\t\t\t\t<\/div>\n\t\t<div class=\"elementor-element elementor-element-fded6ba e-flex e-con-boxed e-con e-child\" data-id=\"fded6ba\" data-element_type=\"container\" data-e-type=\"container\" data-settings=\"{&quot;background_background&quot;:&quot;classic&quot;}\">\n\t\t\t\t\t<div class=\"e-con-inner\">\n\t\t\t\t<div class=\"elementor-element elementor-element-780174e elementor-widget elementor-widget-text-editor\" data-id=\"780174e\" data-element_type=\"widget\" data-e-type=\"widget\" data-widget_type=\"text-editor.default\">\n\t\t\t\t<div class=\"elementor-widget-container\">\n\t\t\t\t\t\t\t\t\t<ul>\n<li>Nos preocupamos por utilizar los recursos naturales con moderaci\u00f3n<\/li>\n<li>Minimizamos el uso de productos qu\u00edmicos<\/li>\n<li>Tambi\u00e9n prestamos atenci\u00f3n al \u00abmenos es m\u00e1s\u00bb cuando se trata del volumen de residuos<\/li>\n<\/ul>\n\t\t\t\t\t\t\t\t<\/div>\n\t\t\t\t<\/div>\n\t\t\t\t\t<\/div>\n\t\t\t\t<\/div>\n\t\t\t\t\t<\/div>\n\t\t\t\t<\/div>\n\t\t\t\t\t<\/div>\n\t\t\t\t<\/div>\n\t\t\t\t<\/div>\n\t\t","protected":false},"excerpt":{"rendered":"<p>Sobre nosotros Enclavado entre los pintorescos picos de la regi\u00f3n de Jungfrau, el Hotel Derby Interlaken &#8211; Action &amp; Relax Hub le da la bienvenida con una mezcla perfecta de c\u00e1lida hospitalidad suiza y estilo contempor\u00e1neo. Los anfitriones Me gustar\u00eda darte una calurosa bienvenida. El tama\u00f1o manejable de nuestro hotel gestionado personalmente, la ubicaci\u00f3n c\u00e9ntrica [&hellip;]<\/p>\n","protected":false},"author":1,"featured_media":0,"parent":0,"menu_order":0,"comment_status":"closed","ping_status":"closed","template":"elementor_header_footer","meta":{"_acf_changed":false,"inline_featured_image":false,"footnotes":""},"class_list":["post-3560","page","type-page","status-publish","hentry"],"acf":[],"_links":{"self":[{"href":"https:\/\/hotel-derby-interlaken.ch\/es\/wp-json\/wp\/v2\/pages\/3560"}],"collection":[{"href":"https:\/\/hotel-derby-interlaken.ch\/es\/wp-json\/wp\/v2\/pages"}],"about":[{"href":"https:\/\/hotel-derby-interlaken.ch\/es\/wp-json\/wp\/v2\/types\/page"}],"author":[{"embeddable":true,"href":"https:\/\/hotel-derby-interlaken.ch\/es\/wp-json\/wp\/v2\/users\/1"}],"replies":[{"embeddable":true,"href":"https:\/\/hotel-derby-interlaken.ch\/es\/wp-json\/wp\/v2\/comments?post=3560"}],"version-history":[{"count":3,"href":"https:\/\/hotel-derby-interlaken.ch\/es\/wp-json\/wp\/v2\/pages\/3560\/revisions"}],"predecessor-version":[{"id":5663,"href":"https:\/\/hotel-derby-interlaken.ch\/es\/wp-json\/wp\/v2\/pages\/3560\/revisions\/5663"}],"wp:attachment":[{"href":"https:\/\/hotel-derby-interlaken.ch\/es\/wp-json\/wp\/v2\/media?parent=3560"}],"curies":[{"name":"wp","href":"https:\/\/api.w.org\/{rel}","templated":true}]}}