{"id":3590,"date":"2023-03-14T22:26:00","date_gmt":"2023-03-14T22:26:00","guid":{"rendered":"https:\/\/derby.uwebdev.ch\/destino\/actividades\/"},"modified":"2024-07-06T15:10:59","modified_gmt":"2024-07-06T15:10:59","slug":"actividades","status":"publish","type":"page","link":"https:\/\/hotel-derby-interlaken.ch\/es\/destino\/actividades\/","title":{"rendered":"Actividades"},"content":{"rendered":"\t\t<div data-elementor-type=\"wp-page\" data-elementor-id=\"3590\" class=\"elementor elementor-3590 elementor-118\" data-elementor-post-type=\"page\">\n\t\t\t\t<div class=\"elementor-element elementor-element-322c12e e-flex e-con-boxed e-con e-parent\" data-id=\"322c12e\" data-element_type=\"container\" data-e-type=\"container\" data-settings=\"{&quot;background_background&quot;:&quot;video&quot;,&quot;background_video_link&quot;:&quot;https:\\\/\\\/hotel-derby-interlaken.ch\\\/wp-content\\\/uploads\\\/2024\\\/07\\\/Aletschglacier_Summer2024.mp4&quot;,&quot;background_play_on_mobile&quot;:&quot;yes&quot;}\">\n\t\t\t\t\t<div class=\"e-con-inner\">\n\t\t<div class=\"elementor-background-video-container\">\n\t\t\t\t\t\t\t<video class=\"elementor-background-video-hosted\" role=\"presentation\" autoplay muted playsinline loop><\/video>\n\t\t\t\t\t<\/div>\t\t\t<\/div>\n\t\t\t\t<\/div>\n\t\t<div class=\"elementor-element elementor-element-a8de589 e-con-full e-flex e-con e-parent\" data-id=\"a8de589\" data-element_type=\"container\" data-e-type=\"container\" data-settings=\"{&quot;background_background&quot;:&quot;classic&quot;}\">\n\t\t<div class=\"elementor-element elementor-element-3a746be e-con-full e-flex e-con e-child\" data-id=\"3a746be\" data-element_type=\"container\" data-e-type=\"container\" data-settings=\"{&quot;motion_fx_motion_fx_scrolling&quot;:&quot;yes&quot;,&quot;motion_fx_translateY_effect&quot;:&quot;yes&quot;,&quot;motion_fx_translateY_speed&quot;:{&quot;unit&quot;:&quot;px&quot;,&quot;size&quot;:2.79999999999999982236431605997495353221893310546875,&quot;sizes&quot;:[]},&quot;motion_fx_devices&quot;:[&quot;desktop&quot;,&quot;tablet&quot;],&quot;motion_fx_translateY_affectedRange&quot;:{&quot;unit&quot;:&quot;%&quot;,&quot;size&quot;:&quot;&quot;,&quot;sizes&quot;:{&quot;start&quot;:0,&quot;end&quot;:100}}}\">\n\t\t<div class=\"elementor-element elementor-element-5121f60 e-con-full e-flex e-con e-child\" data-id=\"5121f60\" data-element_type=\"container\" data-e-type=\"container\" data-settings=\"{&quot;background_background&quot;:&quot;classic&quot;}\">\n\t\t\t\t<div class=\"elementor-element elementor-element-23bc1b9 elementor-widget elementor-widget-heading\" data-id=\"23bc1b9\" data-element_type=\"widget\" data-e-type=\"widget\" data-widget_type=\"heading.default\">\n\t\t\t\t<div class=\"elementor-widget-container\">\n\t\t\t\t\t<h1 class=\"elementor-heading-title elementor-size-xxl\">Actividades<\/h1>\t\t\t\t<\/div>\n\t\t\t\t<\/div>\n\t\t\t\t<div class=\"elementor-element elementor-element-ee83257 elementor-widget__width-initial elementor-widget elementor-widget-text-editor\" data-id=\"ee83257\" data-element_type=\"widget\" data-e-type=\"widget\" data-widget_type=\"text-editor.default\">\n\t\t\t\t<div class=\"elementor-widget-container\">\n\t\t\t\t\t\t\t\t\t<p>Interlaken y toda la regi\u00f3n de Jungfrau ofrecen un paisaje natural diverso con innumerables actividades. P\u00eddanos consejo en recepci\u00f3n o visite el cercano centro de informaci\u00f3n tur\u00edstica, que seguro podr\u00e1 responder a todas sus preguntas.<\/p>\n<p>Disfrute y viva activamente nuestra hermosa regi\u00f3n.<\/p>\n\t\t\t\t\t\t\t\t<\/div>\n\t\t\t\t<\/div>\n\t\t\t\t<\/div>\n\t\t\t\t<\/div>\n\t\t\t\t<\/div>\n\t\t<div class=\"elementor-element elementor-element-3bf4ac6 e-flex e-con-boxed e-con e-parent\" data-id=\"3bf4ac6\" data-element_type=\"container\" data-e-type=\"container\" data-settings=\"{&quot;background_background&quot;:&quot;classic&quot;}\">\n\t\t\t\t\t<div class=\"e-con-inner\">\n\t\t\t\t<div class=\"elementor-element elementor-element-5e67bcb elementor-widget elementor-widget-heading\" data-id=\"5e67bcb\" data-element_type=\"widget\" data-e-type=\"widget\" data-widget_type=\"heading.default\">\n\t\t\t\t<div class=\"elementor-widget-container\">\n\t\t\t\t\t<h2 class=\"elementor-heading-title elementor-size-large\">Descubra las actividades<\/h2>\t\t\t\t<\/div>\n\t\t\t\t<\/div>\n\t\t\t\t<div class=\"elementor-element elementor-element-8fba788 elementor-grid-2 elementor-grid-tablet-2 elementor-grid-mobile-1 elementor-widget elementor-widget-loop-grid\" data-id=\"8fba788\" data-element_type=\"widget\" data-e-type=\"widget\" data-settings=\"{&quot;template_id&quot;:4245,&quot;columns&quot;:2,&quot;row_gap&quot;:{&quot;unit&quot;:&quot;px&quot;,&quot;size&quot;:100,&quot;sizes&quot;:[]},&quot;_skin&quot;:&quot;post&quot;,&quot;columns_tablet&quot;:&quot;2&quot;,&quot;columns_mobile&quot;:&quot;1&quot;,&quot;edit_handle_selector&quot;:&quot;[data-elementor-type=\\&quot;loop-item\\&quot;]&quot;,&quot;row_gap_tablet&quot;:{&quot;unit&quot;:&quot;px&quot;,&quot;size&quot;:&quot;&quot;,&quot;sizes&quot;:[]},&quot;row_gap_mobile&quot;:{&quot;unit&quot;:&quot;px&quot;,&quot;size&quot;:&quot;&quot;,&quot;sizes&quot;:[]}}\" data-widget_type=\"loop-grid.post\">\n\t\t\t\t<div class=\"elementor-widget-container\">\n\t\t\t\t\t\t\t<div class=\"e-loop-nothing-found-message\">\n\t\t<\/div>\n\t\t\t\t\t\t<\/div>\n\t\t\t\t<\/div>\n\t\t\t\t\t<\/div>\n\t\t\t\t<\/div>\n\t\t\t\t<\/div>\n\t\t","protected":false},"excerpt":{"rendered":"<p>Actividades Interlaken y toda la regi\u00f3n de Jungfrau ofrecen un paisaje natural diverso con innumerables actividades. P\u00eddanos consejo en recepci\u00f3n o visite el cercano centro de informaci\u00f3n tur\u00edstica, que seguro podr\u00e1 responder a todas sus preguntas. Disfrute y viva activamente nuestra hermosa regi\u00f3n. Descubra las actividades<\/p>\n","protected":false},"author":1,"featured_media":0,"parent":3580,"menu_order":0,"comment_status":"closed","ping_status":"closed","template":"","meta":{"_acf_changed":false,"inline_featured_image":false,"footnotes":""},"class_list":["post-3590","page","type-page","status-publish","hentry"],"acf":[],"_links":{"self":[{"href":"https:\/\/hotel-derby-interlaken.ch\/es\/wp-json\/wp\/v2\/pages\/3590"}],"collection":[{"href":"https:\/\/hotel-derby-interlaken.ch\/es\/wp-json\/wp\/v2\/pages"}],"about":[{"href":"https:\/\/hotel-derby-interlaken.ch\/es\/wp-json\/wp\/v2\/types\/page"}],"author":[{"embeddable":true,"href":"https:\/\/hotel-derby-interlaken.ch\/es\/wp-json\/wp\/v2\/users\/1"}],"replies":[{"embeddable":true,"href":"https:\/\/hotel-derby-interlaken.ch\/es\/wp-json\/wp\/v2\/comments?post=3590"}],"version-history":[{"count":1,"href":"https:\/\/hotel-derby-interlaken.ch\/es\/wp-json\/wp\/v2\/pages\/3590\/revisions"}],"predecessor-version":[{"id":3591,"href":"https:\/\/hotel-derby-interlaken.ch\/es\/wp-json\/wp\/v2\/pages\/3590\/revisions\/3591"}],"up":[{"embeddable":true,"href":"https:\/\/hotel-derby-interlaken.ch\/es\/wp-json\/wp\/v2\/pages\/3580"}],"wp:attachment":[{"href":"https:\/\/hotel-derby-interlaken.ch\/es\/wp-json\/wp\/v2\/media?parent=3590"}],"curies":[{"name":"wp","href":"https:\/\/api.w.org\/{rel}","templated":true}]}}