{"id":3385,"date":"2023-03-25T15:55:40","date_gmt":"2023-03-25T15:55:40","guid":{"rendered":"https:\/\/derby.uwebdev.ch\/gtc\/"},"modified":"2023-11-30T14:40:02","modified_gmt":"2023-11-30T14:40:02","slug":"gtc","status":"publish","type":"page","link":"https:\/\/hotel-derby-interlaken.ch\/it\/gtc\/","title":{"rendered":"GTC"},"content":{"rendered":"\t\t<div data-elementor-type=\"wp-page\" data-elementor-id=\"3385\" class=\"elementor elementor-3385 elementor-753\" data-elementor-post-type=\"page\">\n\t\t\t\t<div class=\"elementor-element elementor-element-1c813fb e-flex e-con-boxed e-con e-parent\" data-id=\"1c813fb\" data-element_type=\"container\" data-e-type=\"container\" data-settings=\"{&quot;background_background&quot;:&quot;classic&quot;}\">\n\t\t\t\t\t<div class=\"e-con-inner\">\n\t\t<div class=\"elementor-element elementor-element-08ddfbc e-flex e-con-boxed e-con e-parent\" data-id=\"08ddfbc\" data-element_type=\"container\" data-e-type=\"container\">\n\t\t\t\t\t<div class=\"e-con-inner\">\n\t\t<div class=\"elementor-element elementor-element-0a2f2a3 e-con-full e-flex e-con e-parent\" data-id=\"0a2f2a3\" data-element_type=\"container\" data-e-type=\"container\">\n\t\t\t\t<div class=\"elementor-element elementor-element-8007cf0 elementor-widget elementor-widget-heading\" data-id=\"8007cf0\" data-element_type=\"widget\" data-e-type=\"widget\" data-widget_type=\"heading.default\">\n\t\t\t\t<div class=\"elementor-widget-container\">\n\t\t\t\t\t<h1 class=\"elementor-heading-title elementor-size-xl\">Termini e condizioni generali<\/h1>\t\t\t\t<\/div>\n\t\t\t\t<\/div>\n\t\t\t\t<\/div>\n\t\t<div class=\"elementor-element elementor-element-2207215 e-flex e-con-boxed e-con e-parent\" data-id=\"2207215\" data-element_type=\"container\" data-e-type=\"container\" data-settings=\"{&quot;background_background&quot;:&quot;classic&quot;}\">\n\t\t\t\t\t<div class=\"e-con-inner\">\n\t\t\t\t<div class=\"elementor-element elementor-element-ef84312 elementor-widget elementor-widget-text-editor\" data-id=\"ef84312\" data-element_type=\"widget\" data-e-type=\"widget\" data-widget_type=\"text-editor.default\">\n\t\t\t\t<div class=\"elementor-widget-container\">\n\t\t\t\t\t\t\t\t\t<p>Queste condizioni generali si applicano alla prenotazione effettuata tramite questo sistema di prenotazione. Per richieste speciali come conferenze, eventi o prenotazioni di gruppo, vi consigliamo di contattarci direttamente via e-mail o telefono.<\/p>\n<h3>2. Prenotazione<\/h3>\n<p>Ogni prenotazione di hotel effettuata tramite questo sistema di prenotazione su Internet viene effettuata direttamente con il nostro hotel senza intermediari.<\/p>\n<h3>3. Contratto di Alloggio e Pagamento<\/h3>\n<ol type=\"a\">\n<li>Il contratto di alloggio viene stipulato tra voi e il nostro hotel durante la prenotazione. Pagherete direttamente all&#8217;hotel il prezzo della camera confermato. Tutti i diritti e gli obblighi derivanti dal contratto di alloggio esistono direttamente ed esclusivamente tra il prenotante e il nostro hotel.<\/li>\n<li>La prenotazione della camera viene effettuata gi\u00e0 al momento della prenotazione ed \u00e8 valida senza conferma di prenotazione. La conferma della prenotazione verr\u00e0 inviata automaticamente al prenotante tramite e-mail come breve informazione. Tuttavia, a causa di incertezze tecniche, il sistema di prenotazione non pu\u00f2 verificare la ricezione della conferma via e-mail. L&#8217;efficacia della prenotazione rimane invariata.<\/li>\n<\/ol>\n<h3>4. Tipo di Prenotazione<\/h3>\n<p>La prenotazione garantita sar\u00e0 mantenuta dall&#8217;hotel per tutta la notte. In caso di cancellazione tardiva o di mancata presentazione, l&#8217;hotel potrebbe addebitare i costi del pernottamento.<\/p>\n<h3>5. Modifiche e Cancellazioni<\/h3>\n<ol type=\"a\">\n<li>Modifiche alle prenotazioni: Per evitare fraintendimenti, tutte le modifiche devono essere effettuate per telefono, e-mail o fax. La tempestivit\u00e0 della modifica \u00e8 determinata dalla ricezione della comunicazione presso il nostro hotel.<\/li>\n<li>Cancellazione delle prenotazioni: La cancellazione di una prenotazione effettuata tramite questo sistema di prenotazione su Internet \u00e8 valida solo se effettuata per iscritto via fax o posta elettronica e firmata dal prenotante con una firma legalmente valida. La cancellazione \u00e8 valida solo se riconosciuta dall&#8217;hotel.<\/li>\n<\/ol>\n<p>In caso di cancellazione o modifiche, l&#8217;hotel potrebbe addebitare un costo sulla vostra carta di credito.<\/p>\n<h3>6. Tariffe delle Camere Convenute Contrattualmente<\/h3>\n<p>In genere, i prezzi includono i costi del servizio e l&#8217;IVA legale. L&#8217;importo delle tasse aggiuntive \u00e8 soggetto a continue modifiche e quindi pu\u00f2 essere fornito solo a titolo indicativo.<\/p>\n<h3>7. Protezione dei Dati<\/h3>\n<p>I dati inseriti dal cliente vengono elaborati elettronicamente dal sistema di prenotazione. Questi dati vengono divulgati solo nella misura necessaria per una prenotazione. Non saranno divulgati per altri scopi. Inoltre, durante la raccolta dei dati, vengono rispettate le normative sulla protezione dei dati previste dalla legge.<\/p>\n<h3>8. Varie<\/h3>\n<p>Tutte le informazioni sono state raccolte con la massima cura. Tuttavia, non si pu\u00f2 assumere alcuna responsabilit\u00e0 per eventuali errori nella raccolta o nella trasmissione dei dati. Il trasferimento dei dati su altri supporti di memorizzazione, anche parzialmente, o l&#8217;uso diverso da quello previsto qui, \u00e8 consentito solo con l&#8217;esplicita autorizzazione dell&#8217;hotel. Si applica la legge del domicilio dell&#8217;hotel rispettivo. Il luogo di adempimento \u00e8 anche il domicilio dell&#8217;hotel.<\/p>\n\t\t\t\t\t\t\t\t<\/div>\n\t\t\t\t<\/div>\n\t\t\t\t\t<\/div>\n\t\t\t\t<\/div>\n\t\t\t\t\t<\/div>\n\t\t\t\t<\/div>\n\t\t<div class=\"elementor-element elementor-element-044825f e-flex e-con-boxed e-con e-parent\" data-id=\"044825f\" data-element_type=\"container\" data-e-type=\"container\">\n\t\t\t\t\t<div class=\"e-con-inner\">\n\t\t<div class=\"elementor-element elementor-element-1b71c18 e-flex e-con-boxed e-con e-parent\" data-id=\"1b71c18\" data-element_type=\"container\" data-e-type=\"container\">\n\t\t\t\t\t<div class=\"e-con-inner\">\n\t\t\t\t<div class=\"elementor-element elementor-element-0ce7da2 elementor-align-justify elementor-widget elementor-widget-button\" data-id=\"0ce7da2\" data-element_type=\"widget\" data-e-type=\"widget\" data-widget_type=\"button.default\">\n\t\t\t\t<div class=\"elementor-widget-container\">\n\t\t\t\t\t\t\t\t\t<div class=\"elementor-button-wrapper\">\n\t\t\t\t\t<a class=\"elementor-button elementor-button-link elementor-size-sm\" href=\"https:\/\/hotel-derby-interlaken.ch\/it\/impronta\/\">\n\t\t\t\t\t\t<span class=\"elementor-button-content-wrapper\">\n\t\t\t\t\t\t\t\t\t<span class=\"elementor-button-text\">Impronta<\/span>\n\t\t\t\t\t<\/span>\n\t\t\t\t\t<\/a>\n\t\t\t\t<\/div>\n\t\t\t\t\t\t\t\t<\/div>\n\t\t\t\t<\/div>\n\t\t\t\t\t<\/div>\n\t\t\t\t<\/div>\n\t\t<div class=\"elementor-element elementor-element-0c951a3 e-flex e-con-boxed e-con e-parent\" data-id=\"0c951a3\" data-element_type=\"container\" data-e-type=\"container\">\n\t\t\t\t\t<div class=\"e-con-inner\">\n\t\t\t\t<div class=\"elementor-element elementor-element-05c4520 elementor-align-justify elementor-widget elementor-widget-button\" data-id=\"05c4520\" data-element_type=\"widget\" data-e-type=\"widget\" data-widget_type=\"button.default\">\n\t\t\t\t<div class=\"elementor-widget-container\">\n\t\t\t\t\t\t\t\t\t<div class=\"elementor-button-wrapper\">\n\t\t\t\t\t<a class=\"elementor-button elementor-button-link elementor-size-sm\" href=\"https:\/\/hotel-derby-interlaken.ch\/it\/protezione-dei-dati\/\">\n\t\t\t\t\t\t<span class=\"elementor-button-content-wrapper\">\n\t\t\t\t\t\t\t\t\t<span class=\"elementor-button-text\">Protezione dei dati<\/span>\n\t\t\t\t\t<\/span>\n\t\t\t\t\t<\/a>\n\t\t\t\t<\/div>\n\t\t\t\t\t\t\t\t<\/div>\n\t\t\t\t<\/div>\n\t\t\t\t\t<\/div>\n\t\t\t\t<\/div>\n\t\t<div class=\"elementor-element elementor-element-cf0cbb8 e-flex e-con-boxed e-con e-parent\" data-id=\"cf0cbb8\" data-element_type=\"container\" data-e-type=\"container\">\n\t\t\t\t\t<div class=\"e-con-inner\">\n\t\t\t\t<div class=\"elementor-element elementor-element-8c118a8 elementor-align-justify elementor-widget elementor-widget-button\" data-id=\"8c118a8\" data-element_type=\"widget\" data-e-type=\"widget\" data-widget_type=\"button.default\">\n\t\t\t\t<div class=\"elementor-widget-container\">\n\t\t\t\t\t\t\t\t\t<div class=\"elementor-button-wrapper\">\n\t\t\t\t\t<a class=\"elementor-button elementor-button-link elementor-size-sm\" href=\"https:\/\/hotel-derby-interlaken.ch\/it\/gtc\/\">\n\t\t\t\t\t\t<span class=\"elementor-button-content-wrapper\">\n\t\t\t\t\t\t\t\t\t<span class=\"elementor-button-text\">GTC<\/span>\n\t\t\t\t\t<\/span>\n\t\t\t\t\t<\/a>\n\t\t\t\t<\/div>\n\t\t\t\t\t\t\t\t<\/div>\n\t\t\t\t<\/div>\n\t\t\t\t\t<\/div>\n\t\t\t\t<\/div>\n\t\t\t\t\t<\/div>\n\t\t\t\t<\/div>\n\t\t\t\t\t<\/div>\n\t\t\t\t<\/div>\n\t\t\t\t<\/div>\n\t\t","protected":false},"excerpt":{"rendered":"<p>Termini e condizioni generali Queste condizioni generali si applicano alla prenotazione effettuata tramite questo sistema di prenotazione. Per richieste speciali come conferenze, eventi o prenotazioni di gruppo, vi consigliamo di contattarci direttamente via e-mail o telefono. 2. Prenotazione Ogni prenotazione di hotel effettuata tramite questo sistema di prenotazione su Internet viene effettuata direttamente con il [&hellip;]<\/p>\n","protected":false},"author":1,"featured_media":0,"parent":0,"menu_order":0,"comment_status":"closed","ping_status":"closed","template":"","meta":{"_acf_changed":false,"inline_featured_image":false,"footnotes":""},"class_list":["post-3385","page","type-page","status-publish","hentry"],"acf":[],"_links":{"self":[{"href":"https:\/\/hotel-derby-interlaken.ch\/it\/wp-json\/wp\/v2\/pages\/3385"}],"collection":[{"href":"https:\/\/hotel-derby-interlaken.ch\/it\/wp-json\/wp\/v2\/pages"}],"about":[{"href":"https:\/\/hotel-derby-interlaken.ch\/it\/wp-json\/wp\/v2\/types\/page"}],"author":[{"embeddable":true,"href":"https:\/\/hotel-derby-interlaken.ch\/it\/wp-json\/wp\/v2\/users\/1"}],"replies":[{"embeddable":true,"href":"https:\/\/hotel-derby-interlaken.ch\/it\/wp-json\/wp\/v2\/comments?post=3385"}],"version-history":[{"count":1,"href":"https:\/\/hotel-derby-interlaken.ch\/it\/wp-json\/wp\/v2\/pages\/3385\/revisions"}],"predecessor-version":[{"id":3386,"href":"https:\/\/hotel-derby-interlaken.ch\/it\/wp-json\/wp\/v2\/pages\/3385\/revisions\/3386"}],"wp:attachment":[{"href":"https:\/\/hotel-derby-interlaken.ch\/it\/wp-json\/wp\/v2\/media?parent=3385"}],"curies":[{"name":"wp","href":"https:\/\/api.w.org\/{rel}","templated":true}]}}