{"id":3401,"date":"2021-11-26T09:59:07","date_gmt":"2021-11-26T09:59:07","guid":{"rendered":"https:\/\/derby.uwebdev.ch\/impronta\/"},"modified":"2023-11-30T14:54:46","modified_gmt":"2023-11-30T14:54:46","slug":"impronta","status":"publish","type":"page","link":"https:\/\/hotel-derby-interlaken.ch\/it\/impronta\/","title":{"rendered":"Impronta"},"content":{"rendered":"\t\t<div data-elementor-type=\"wp-page\" data-elementor-id=\"3401\" class=\"elementor elementor-3401 elementor-27\" data-elementor-post-type=\"page\">\n\t\t\t\t<div class=\"elementor-element elementor-element-d73ae3c e-flex e-con-boxed e-con e-parent\" data-id=\"d73ae3c\" data-element_type=\"container\" data-e-type=\"container\" data-settings=\"{&quot;background_background&quot;:&quot;classic&quot;}\">\n\t\t\t\t\t<div class=\"e-con-inner\">\n\t\t<div class=\"elementor-element elementor-element-3b109aa e-flex e-con-boxed e-con e-parent\" data-id=\"3b109aa\" data-element_type=\"container\" data-e-type=\"container\">\n\t\t\t\t\t<div class=\"e-con-inner\">\n\t\t<div class=\"elementor-element elementor-element-48ca474 e-con-full e-flex e-con e-parent\" data-id=\"48ca474\" data-element_type=\"container\" data-e-type=\"container\">\n\t\t\t\t<div class=\"elementor-element elementor-element-2ba23cb elementor-widget elementor-widget-heading\" data-id=\"2ba23cb\" data-element_type=\"widget\" data-e-type=\"widget\" data-widget_type=\"heading.default\">\n\t\t\t\t<div class=\"elementor-widget-container\">\n\t\t\t\t\t<h1 class=\"elementor-heading-title elementor-size-xl\">Impronta<\/h1>\t\t\t\t<\/div>\n\t\t\t\t<\/div>\n\t\t\t\t<\/div>\n\t\t<div class=\"elementor-element elementor-element-383f4cb e-flex e-con-boxed e-con e-parent\" data-id=\"383f4cb\" data-element_type=\"container\" data-e-type=\"container\" data-settings=\"{&quot;background_background&quot;:&quot;classic&quot;}\">\n\t\t\t\t\t<div class=\"e-con-inner\">\n\t\t\t\t<div class=\"elementor-element elementor-element-ced63fb elementor-widget elementor-widget-text-editor\" data-id=\"ced63fb\" data-element_type=\"widget\" data-e-type=\"widget\" data-widget_type=\"text-editor.default\">\n\t\t\t\t<div class=\"elementor-widget-container\">\n\t\t\t\t\t\t\t\t\t<h3>Indirizzo di contatto<\/h3>\n<p><strong>Hotel Derby<\/strong><br \/>\nJungfraustrasse 70<br \/>\nCH-3800 Interlaken, Svizzera<\/p>\n<h3>Progettazione e programmazione del sito web<\/h3>\n<p><a href=\"https:\/\/uwebdesign.ch\/\" target=\"_blank\" rel=\"noopener\">uWebDesign<\/a><\/p>\n<h3>Disclaimer<\/h3>\n<p>L&#8217;autore non offre alcuna garanzia riguardo all&#8217;accuratezza, precisione, tempestivit\u00e0, affidabilit\u00e0 e completezza delle informazioni fornite.<br \/>\nSi declina ogni responsabilit\u00e0 per richieste di risarcimento danni, di natura materiale o immateriale, causati dall&#8217;accesso o dall&#8217;utilizzo o non utilizzo delle informazioni pubblicate, dal cattivo utilizzo della connessione o da interruzioni tecniche.<\/p>\n<p>Tutte le offerte sono non vincolanti. L&#8217;autore si riserva espressamente il diritto di modificare, integrare o cancellare parti delle pagine o l&#8217;intera offerta senza preavviso, o di sospendere la pubblicazione temporaneamente o definitivamente.<\/p>\n<h3>Responsabilit\u00e0 per i collegamenti<\/h3>\n<p>I riferimenti e i collegamenti a siti web di terze parti si trovano al di fuori della nostra area di responsabilit\u00e0. Si declina ogni responsabilit\u00e0 per tali siti web. L&#8217;accesso e l&#8217;uso di tali siti web avvengono a rischio dell&#8217;utente.<\/p>\n\t\t\t\t\t\t\t\t<\/div>\n\t\t\t\t<\/div>\n\t\t\t\t\t<\/div>\n\t\t\t\t<\/div>\n\t\t\t\t\t<\/div>\n\t\t\t\t<\/div>\n\t\t<div class=\"elementor-element elementor-element-0f75ddf e-flex e-con-boxed e-con e-parent\" data-id=\"0f75ddf\" data-element_type=\"container\" data-e-type=\"container\">\n\t\t\t\t\t<div class=\"e-con-inner\">\n\t\t<div class=\"elementor-element elementor-element-c70f4c0 e-flex e-con-boxed e-con e-parent\" data-id=\"c70f4c0\" data-element_type=\"container\" data-e-type=\"container\">\n\t\t\t\t\t<div class=\"e-con-inner\">\n\t\t\t\t<div class=\"elementor-element elementor-element-3d8d7be elementor-align-justify elementor-widget elementor-widget-button\" data-id=\"3d8d7be\" data-element_type=\"widget\" data-e-type=\"widget\" data-widget_type=\"button.default\">\n\t\t\t\t<div class=\"elementor-widget-container\">\n\t\t\t\t\t\t\t\t\t<div class=\"elementor-button-wrapper\">\n\t\t\t\t\t<a class=\"elementor-button elementor-button-link elementor-size-sm\" href=\"https:\/\/hotel-derby-interlaken.ch\/it\/impronta\/\">\n\t\t\t\t\t\t<span class=\"elementor-button-content-wrapper\">\n\t\t\t\t\t\t\t\t\t<span class=\"elementor-button-text\">Impronta<\/span>\n\t\t\t\t\t<\/span>\n\t\t\t\t\t<\/a>\n\t\t\t\t<\/div>\n\t\t\t\t\t\t\t\t<\/div>\n\t\t\t\t<\/div>\n\t\t\t\t\t<\/div>\n\t\t\t\t<\/div>\n\t\t<div class=\"elementor-element elementor-element-49bbcf6 e-flex e-con-boxed e-con e-parent\" data-id=\"49bbcf6\" data-element_type=\"container\" data-e-type=\"container\">\n\t\t\t\t\t<div class=\"e-con-inner\">\n\t\t\t\t<div class=\"elementor-element elementor-element-bd655d9 elementor-align-justify elementor-widget elementor-widget-button\" data-id=\"bd655d9\" data-element_type=\"widget\" data-e-type=\"widget\" data-widget_type=\"button.default\">\n\t\t\t\t<div class=\"elementor-widget-container\">\n\t\t\t\t\t\t\t\t\t<div class=\"elementor-button-wrapper\">\n\t\t\t\t\t<a class=\"elementor-button elementor-button-link elementor-size-sm\" href=\"https:\/\/hotel-derby-interlaken.ch\/it\/protezione-dei-dati\/\">\n\t\t\t\t\t\t<span class=\"elementor-button-content-wrapper\">\n\t\t\t\t\t\t\t\t\t<span class=\"elementor-button-text\">Protezione dei dati<\/span>\n\t\t\t\t\t<\/span>\n\t\t\t\t\t<\/a>\n\t\t\t\t<\/div>\n\t\t\t\t\t\t\t\t<\/div>\n\t\t\t\t<\/div>\n\t\t\t\t\t<\/div>\n\t\t\t\t<\/div>\n\t\t<div class=\"elementor-element elementor-element-84f4b8e e-flex e-con-boxed e-con e-parent\" data-id=\"84f4b8e\" data-element_type=\"container\" data-e-type=\"container\">\n\t\t\t\t\t<div class=\"e-con-inner\">\n\t\t\t\t<div class=\"elementor-element elementor-element-bd0ecb0 elementor-align-justify elementor-widget elementor-widget-button\" data-id=\"bd0ecb0\" data-element_type=\"widget\" data-e-type=\"widget\" data-widget_type=\"button.default\">\n\t\t\t\t<div class=\"elementor-widget-container\">\n\t\t\t\t\t\t\t\t\t<div class=\"elementor-button-wrapper\">\n\t\t\t\t\t<a class=\"elementor-button elementor-button-link elementor-size-sm\" href=\"https:\/\/hotel-derby-interlaken.ch\/it\/gtc\/\">\n\t\t\t\t\t\t<span class=\"elementor-button-content-wrapper\">\n\t\t\t\t\t\t\t\t\t<span class=\"elementor-button-text\">GTC<\/span>\n\t\t\t\t\t<\/span>\n\t\t\t\t\t<\/a>\n\t\t\t\t<\/div>\n\t\t\t\t\t\t\t\t<\/div>\n\t\t\t\t<\/div>\n\t\t\t\t\t<\/div>\n\t\t\t\t<\/div>\n\t\t\t\t\t<\/div>\n\t\t\t\t<\/div>\n\t\t\t\t\t<\/div>\n\t\t\t\t<\/div>\n\t\t\t\t<\/div>\n\t\t","protected":false},"excerpt":{"rendered":"<p>Impronta Indirizzo di contatto Hotel Derby Jungfraustrasse 70 CH-3800 Interlaken, Svizzera Progettazione e programmazione del sito web uWebDesign Disclaimer L&#8217;autore non offre alcuna garanzia riguardo all&#8217;accuratezza, precisione, tempestivit\u00e0, affidabilit\u00e0 e completezza delle informazioni fornite. Si declina ogni responsabilit\u00e0 per richieste di risarcimento danni, di natura materiale o immateriale, causati dall&#8217;accesso o dall&#8217;utilizzo o non utilizzo [&hellip;]<\/p>\n","protected":false},"author":1,"featured_media":0,"parent":0,"menu_order":0,"comment_status":"closed","ping_status":"closed","template":"elementor_header_footer","meta":{"_acf_changed":false,"inline_featured_image":false,"footnotes":""},"class_list":["post-3401","page","type-page","status-publish","hentry"],"acf":[],"_links":{"self":[{"href":"https:\/\/hotel-derby-interlaken.ch\/it\/wp-json\/wp\/v2\/pages\/3401"}],"collection":[{"href":"https:\/\/hotel-derby-interlaken.ch\/it\/wp-json\/wp\/v2\/pages"}],"about":[{"href":"https:\/\/hotel-derby-interlaken.ch\/it\/wp-json\/wp\/v2\/types\/page"}],"author":[{"embeddable":true,"href":"https:\/\/hotel-derby-interlaken.ch\/it\/wp-json\/wp\/v2\/users\/1"}],"replies":[{"embeddable":true,"href":"https:\/\/hotel-derby-interlaken.ch\/it\/wp-json\/wp\/v2\/comments?post=3401"}],"version-history":[{"count":5,"href":"https:\/\/hotel-derby-interlaken.ch\/it\/wp-json\/wp\/v2\/pages\/3401\/revisions"}],"predecessor-version":[{"id":3410,"href":"https:\/\/hotel-derby-interlaken.ch\/it\/wp-json\/wp\/v2\/pages\/3401\/revisions\/3410"}],"wp:attachment":[{"href":"https:\/\/hotel-derby-interlaken.ch\/it\/wp-json\/wp\/v2\/media?parent=3401"}],"curies":[{"name":"wp","href":"https:\/\/api.w.org\/{rel}","templated":true}]}}